{"id":10,"date":"2021-05-13T05:31:27","date_gmt":"2021-05-13T05:31:27","guid":{"rendered":"http:\/\/xn--ksemakina-07a.com\/?page_id=10"},"modified":"2024-01-26T12:14:14","modified_gmt":"2024-01-26T09:14:14","slug":"home","status":"publish","type":"page","link":"https:\/\/kosemakinamersin.com\/","title":{"rendered":"K\u00f6se Mak. M\u00fchendislik \u0130malat Sanayi"},"content":{"rendered":"\n<div class=\"wp-block-cover alignfull\" style=\"min-height:900px;aspect-ratio:unset;\"><span aria-hidden=\"true\" class=\"wp-block-cover__background has-ast-global-color-0-background-color has-background-dim-100 has-background-dim\"><\/span><div class=\"wp-block-cover__inner-container is-layout-flow wp-block-cover-is-layout-flow\">\n<div class=\"wp-block-media-text alignwide has-media-on-the-right is-stacked-on-mobile is-vertically-aligned-center\" style=\"grid-template-columns:auto 46%\"><figure class=\"wp-block-media-text__media\"><img loading=\"lazy\" decoding=\"async\" width=\"541\" height=\"566\" src=\"http:\/\/kosemakinamersin.com\/wp-content\/uploads\/2022\/07\/slider-1.png\" alt=\"\" class=\"wp-image-362 size-full\" srcset=\"https:\/\/kosemakinamersin.com\/wp-content\/uploads\/2022\/07\/slider-1.png 541w, https:\/\/kosemakinamersin.com\/wp-content\/uploads\/2022\/07\/slider-1-287x300.png 287w\" sizes=\"auto, (max-width: 541px) 100vw, 541px\" \/><\/figure><div class=\"wp-block-media-text__content\">\n<h1 class=\"has-text-color wp-block-heading\" style=\"color:#ffffff\">\u00dcst\u00fcn teknoloji uzman kadrosu ile s\u0131n\u0131rs\u0131z hizmet<\/h1>\n\n\n\n<p><\/p>\n\n\n\n<p class=\"has-white-color has-text-color has-medium-font-size\">Makina imalat\u0131, bak\u0131m-onar\u0131m, yedek par\u00e7a, \u00e7elik konstr\u00fcksiyon,\u00e7elik boru imalat\u0131 ve bas\u0131n\u00e7l\u0131 kaplar hizmetleri vermekteyiz.<\/p>\n\n\n\n<div class=\"wp-block-buttons is-layout-flex wp-block-buttons-is-layout-flex\"><\/div>\n<\/div><\/div>\n<\/div><\/div>\n\n\n\n<div class=\"inherit-container-width wp-block-group alignfull has-ast-global-color-5-background-color has-background is-layout-constrained wp-block-group-is-layout-constrained\"><div class=\"wp-block-group__inner-container\">\n<div class=\"wp-block-media-text alignwide is-stacked-on-mobile\" style=\"grid-template-columns:42% auto\"><figure class=\"wp-block-media-text__media\"><img loading=\"lazy\" decoding=\"async\" width=\"541\" height=\"566\" src=\"http:\/\/kosemakinamersin.com\/wp-content\/uploads\/2022\/07\/1.png\" alt=\"\" class=\"wp-image-366 size-full\" srcset=\"https:\/\/kosemakinamersin.com\/wp-content\/uploads\/2022\/07\/1.png 541w, https:\/\/kosemakinamersin.com\/wp-content\/uploads\/2022\/07\/1-287x300.png 287w\" sizes=\"auto, (max-width: 541px) 100vw, 541px\" \/><\/figure><div class=\"wp-block-media-text__content\">\n<h5 class=\"wp-block-heading\">\u00dcretim Projeleri <\/h5>\n\n\n\n<p>\u00c7al\u0131\u015fmakta oldu\u011fumuz firmalar\u0131n paketleme makinalar\u0131, elevat\u00f6r, konv\u00f6r, bant bas\u0131n\u00e7l\u0131 tank boru \u00fcretimi, imalat, bak\u0131m, onar\u0131m ve daha fazlas\u0131<\/p>\n\n\n\n<div class=\"wp-block-buttons is-layout-flex wp-block-buttons-is-layout-flex\"><\/div>\n<\/div><\/div>\n\n\n\n<div style=\"height:68px\" aria-hidden=\"true\" class=\"wp-block-spacer\"><\/div>\n\n\n\n<h2 class=\"has-text-align-center wp-block-heading\">Faaliyet Alanlar\u0131m\u0131z<\/h2>\n\n\n\n<div class=\"wp-block-columns alignwide is-layout-flex wp-container-core-columns-is-layout-28f84493 wp-block-columns-is-layout-flex\">\n<div class=\"wp-block-column is-layout-flow wp-block-column-is-layout-flow\">\n<figure class=\"wp-block-image size-full\"><img loading=\"lazy\" decoding=\"async\" width=\"380\" height=\"250\" src=\"http:\/\/kosemakinamersin.com\/wp-content\/uploads\/2022\/07\/1-1.png\" alt=\"\" class=\"wp-image-369\" srcset=\"https:\/\/kosemakinamersin.com\/wp-content\/uploads\/2022\/07\/1-1.png 380w, https:\/\/kosemakinamersin.com\/wp-content\/uploads\/2022\/07\/1-1-300x197.png 300w\" sizes=\"auto, (max-width: 380px) 100vw, 380px\" \/><\/figure>\n\n\n\n<h4 class=\"wp-block-heading\">Makina \u0130malat\u0131<\/h4>\n\n\n\n<p>G\u0131da, kimyasal, sanayi \u00fcretim sekt\u00f6r\u00fc makina imalat\u0131<\/p>\n<\/div>\n\n\n\n<div class=\"wp-block-column is-layout-flow wp-block-column-is-layout-flow\">\n<figure class=\"wp-block-image size-full\"><img loading=\"lazy\" decoding=\"async\" width=\"380\" height=\"250\" src=\"http:\/\/kosemakinamersin.com\/wp-content\/uploads\/2022\/07\/3.png\" alt=\"\" class=\"wp-image-371\" srcset=\"https:\/\/kosemakinamersin.com\/wp-content\/uploads\/2022\/07\/3.png 380w, https:\/\/kosemakinamersin.com\/wp-content\/uploads\/2022\/07\/3-300x197.png 300w\" sizes=\"auto, (max-width: 380px) 100vw, 380px\" \/><\/figure>\n\n\n\n<h4 class=\"wp-block-heading\">Makina Bak\u0131m-Onar\u0131m<\/h4>\n\n\n\n<p>G\u0131da, kimyasal, sanayi \u00fcretim sekt\u00f6r\u00fc mekanik makina bak\u0131m\u0131 onar\u0131m\u0131<\/p>\n<\/div>\n\n\n\n<div class=\"wp-block-column is-layout-flow wp-block-column-is-layout-flow\">\n<figure class=\"wp-block-image size-full\"><img loading=\"lazy\" decoding=\"async\" width=\"380\" height=\"250\" src=\"http:\/\/kosemakinamersin.com\/wp-content\/uploads\/2022\/07\/2-1.png\" alt=\"\" class=\"wp-image-372\" srcset=\"https:\/\/kosemakinamersin.com\/wp-content\/uploads\/2022\/07\/2-1.png 380w, https:\/\/kosemakinamersin.com\/wp-content\/uploads\/2022\/07\/2-1-300x197.png 300w\" sizes=\"auto, (max-width: 380px) 100vw, 380px\" \/><\/figure>\n\n\n\n<h4 class=\"wp-block-heading\">\u00c7elik Konstr\u00fcksiyon<\/h4>\n\n\n\n<p>\u00c7elik \u00e7at\u0131, fabrika, depo ve \u00e7elik yap\u0131 hizmetlerimiz<\/p>\n<\/div>\n<\/div>\n\n\n\n<div class=\"wp-block-buttons is-horizontal is-content-justification-center is-layout-flex wp-container-core-buttons-is-layout-03627597 wp-block-buttons-is-layout-flex\">\n<div class=\"wp-block-button\"><a class=\"wp-block-button__link\" href=\"http:\/\/kosemakinamersin.com\/?page_id=461\" target=\"_blank\" rel=\"noreferrer noopener\">T\u00fcm Faaliyet Alanlar\u0131<\/a><\/div>\n<\/div>\n<\/div><\/div>\n\n\n\n<div class=\"inherit-container-width wp-block-group alignfull has-ast-global-color-5-background-color has-background is-layout-constrained wp-block-group-is-layout-constrained\"><div class=\"wp-block-group__inner-container\">\n<div class=\"wp-block-media-text has-media-on-the-right is-stacked-on-mobile is-vertically-aligned-center has-ast-global-color-0-background-color has-background\"><figure class=\"wp-block-media-text__media\"><img loading=\"lazy\" decoding=\"async\" width=\"750\" height=\"500\" src=\"http:\/\/kosemakinamersin.com\/wp-content\/uploads\/2022\/07\/guvenlik-1.png\" alt=\"\" class=\"wp-image-377 size-full\" srcset=\"https:\/\/kosemakinamersin.com\/wp-content\/uploads\/2022\/07\/guvenlik-1.png 750w, https:\/\/kosemakinamersin.com\/wp-content\/uploads\/2022\/07\/guvenlik-1-300x200.png 300w\" sizes=\"auto, (max-width: 750px) 100vw, 750px\" \/><\/figure><div class=\"wp-block-media-text__content\">\n<div class=\"inherit-container-width wp-block-group is-layout-constrained wp-block-group-is-layout-constrained\"><div class=\"wp-block-group__inner-container\">\n<h2 class=\"has-text-align-left has-white-color has-text-color wp-block-heading\">\u00d6nceli\u011fimiz \u0130\u015f G\u00fcvenli\u011fi<\/h2>\n\n\n\n<p><mark style=\"background-color:rgba(0, 0, 0, 0)\" class=\"has-inline-color has-ast-global-color-5-color\">Faaliyetlerimizde her zaman i\u015f g\u00fcvenli\u011fi \u00f6nceli\u011fimiz olmaktad\u0131r. Gerek i\u015f g\u00fcvenli\u011fi donan\u0131m\u0131, gerekse hizmet i\u00e7i e\u011fitimlerle \u00e7al\u0131\u015fanlar\u0131m\u0131z\u0131n can g\u00fcvenli\u011fini korudu\u011fumuz gibi t\u00fcketiciler i\u00e7in de enerji kalitesi ve arz g\u00fcvenli\u011fine azami dikkati g\u00f6steriyoruz.<\/mark><\/p>\n\n\n\n<div class=\"wp-block-buttons is-horizontal is-content-justification-center is-layout-flex wp-container-core-buttons-is-layout-03627597 wp-block-buttons-is-layout-flex\"><\/div>\n<\/div><\/div>\n<\/div><\/div>\n<\/div><\/div>\n\n\n\n<div class=\"inherit-container-width wp-block-group alignfull has-ast-global-color-5-background-color has-background is-layout-constrained wp-block-group-is-layout-constrained\"><div class=\"wp-block-group__inner-container\"><\/div><\/div>\n\n\n\n<div class=\"inherit-container-width wp-block-group alignfull has-ast-global-color-5-background-color has-background is-layout-constrained wp-block-group-is-layout-constrained\"><div class=\"wp-block-group__inner-container\">\n<h2 class=\"has-text-align-center wp-block-heading\">Galeri<\/h2>\n\n\n\n<figure class=\"wp-block-gallery has-nested-images columns-4 is-cropped wp-block-gallery-1 is-layout-flex wp-block-gallery-is-layout-flex\">\n<figure class=\"wp-block-image size-full\"><img loading=\"lazy\" decoding=\"async\" width=\"350\" height=\"258\" data-id=\"281\" src=\"http:\/\/kosemakinamersin.com\/wp-content\/uploads\/2022\/07\/251dff5b689995b784aeb8425f006430_EB7.jpg\" alt=\"\" class=\"wp-image-281\" srcset=\"https:\/\/kosemakinamersin.com\/wp-content\/uploads\/2022\/07\/251dff5b689995b784aeb8425f006430_EB7.jpg 350w, https:\/\/kosemakinamersin.com\/wp-content\/uploads\/2022\/07\/251dff5b689995b784aeb8425f006430_EB7-300x221.jpg 300w\" sizes=\"auto, (max-width: 350px) 100vw, 350px\" \/><\/figure>\n\n\n\n<figure class=\"wp-block-image size-full\"><img loading=\"lazy\" decoding=\"async\" width=\"678\" height=\"452\" data-id=\"282\" src=\"http:\/\/kosemakinamersin.com\/wp-content\/uploads\/2022\/07\/images-51.jpeg\" alt=\"\" class=\"wp-image-282\" srcset=\"https:\/\/kosemakinamersin.com\/wp-content\/uploads\/2022\/07\/images-51.jpeg 678w, https:\/\/kosemakinamersin.com\/wp-content\/uploads\/2022\/07\/images-51-300x200.jpeg 300w\" sizes=\"auto, (max-width: 678px) 100vw, 678px\" \/><\/figure>\n\n\n\n<figure class=\"wp-block-image size-full\"><img loading=\"lazy\" decoding=\"async\" width=\"637\" height=\"481\" data-id=\"283\" src=\"http:\/\/kosemakinamersin.com\/wp-content\/uploads\/2022\/07\/images-26.jpeg\" alt=\"\" class=\"wp-image-283\" srcset=\"https:\/\/kosemakinamersin.com\/wp-content\/uploads\/2022\/07\/images-26.jpeg 637w, https:\/\/kosemakinamersin.com\/wp-content\/uploads\/2022\/07\/images-26-300x227.jpeg 300w\" sizes=\"auto, (max-width: 637px) 100vw, 637px\" \/><\/figure>\n\n\n\n<figure class=\"wp-block-image size-full\"><img loading=\"lazy\" decoding=\"async\" width=\"687\" height=\"446\" data-id=\"284\" src=\"http:\/\/kosemakinamersin.com\/wp-content\/uploads\/2022\/07\/images-59.jpeg\" alt=\"\" class=\"wp-image-284\" srcset=\"https:\/\/kosemakinamersin.com\/wp-content\/uploads\/2022\/07\/images-59.jpeg 687w, https:\/\/kosemakinamersin.com\/wp-content\/uploads\/2022\/07\/images-59-300x195.jpeg 300w\" sizes=\"auto, (max-width: 687px) 100vw, 687px\" \/><\/figure>\n<\/figure>\n<\/div><\/div>\n\n\n\n<figure class=\"wp-block-gallery has-nested-images columns-default is-cropped wp-block-gallery-2 is-layout-flex wp-block-gallery-is-layout-flex\">\n<figure class=\"wp-block-image size-large\"><img loading=\"lazy\" decoding=\"async\" width=\"739\" height=\"415\" data-id=\"308\" src=\"http:\/\/kosemakinamersin.com\/wp-content\/uploads\/2022\/07\/images-50.jpeg\" alt=\"\" class=\"wp-image-308\" srcset=\"https:\/\/kosemakinamersin.com\/wp-content\/uploads\/2022\/07\/images-50.jpeg 739w, https:\/\/kosemakinamersin.com\/wp-content\/uploads\/2022\/07\/images-50-300x168.jpeg 300w\" sizes=\"auto, (max-width: 739px) 100vw, 739px\" \/><\/figure>\n\n\n\n<figure class=\"wp-block-image size-large\"><img loading=\"lazy\" decoding=\"async\" width=\"655\" height=\"468\" data-id=\"307\" src=\"http:\/\/kosemakinamersin.com\/wp-content\/uploads\/2022\/07\/images-4.jpeg\" alt=\"\" class=\"wp-image-307\" srcset=\"https:\/\/kosemakinamersin.com\/wp-content\/uploads\/2022\/07\/images-4.jpeg 655w, https:\/\/kosemakinamersin.com\/wp-content\/uploads\/2022\/07\/images-4-300x214.jpeg 300w\" sizes=\"auto, (max-width: 655px) 100vw, 655px\" \/><\/figure>\n\n\n\n<figure class=\"wp-block-image size-large\"><img loading=\"lazy\" decoding=\"async\" width=\"734\" height=\"418\" data-id=\"297\" src=\"http:\/\/kosemakinamersin.com\/wp-content\/uploads\/2022\/07\/images-64.jpeg\" alt=\"\" class=\"wp-image-297\" srcset=\"https:\/\/kosemakinamersin.com\/wp-content\/uploads\/2022\/07\/images-64.jpeg 734w, https:\/\/kosemakinamersin.com\/wp-content\/uploads\/2022\/07\/images-64-300x171.jpeg 300w\" sizes=\"auto, (max-width: 734px) 100vw, 734px\" \/><\/figure>\n<\/figure>\n\n\n\n<div class=\"wp-block-columns is-layout-flex wp-container-core-columns-is-layout-28f84493 wp-block-columns-is-layout-flex\">\n<div class=\"wp-block-column is-layout-flow wp-block-column-is-layout-flow\"><\/div>\n\n\n\n<div class=\"wp-block-column is-layout-flow wp-block-column-is-layout-flow\"><\/div>\n<\/div>\n\n\n\n<div class=\"wp-block-columns is-layout-flex wp-container-core-columns-is-layout-28f84493 wp-block-columns-is-layout-flex\">\n<div class=\"wp-block-column is-layout-flow wp-block-column-is-layout-flow\"><\/div>\n\n\n\n<div class=\"wp-block-column is-layout-flow wp-block-column-is-layout-flow\"><\/div>\n<\/div>\n\n\n\n<div class=\"wp-block-columns is-layout-flex wp-container-core-columns-is-layout-28f84493 wp-block-columns-is-layout-flex\">\n<div class=\"wp-block-column is-layout-flow wp-block-column-is-layout-flow\"><\/div>\n\n\n\n<div class=\"wp-block-column is-layout-flow wp-block-column-is-layout-flow\"><\/div>\n<\/div>\n\n\n\n<div class=\"wp-block-buttons is-content-justification-center is-layout-flex wp-container-core-buttons-is-layout-a89b3969 wp-block-buttons-is-layout-flex\">\n<div class=\"wp-block-button\"><a class=\"wp-block-button__link\" href=\"https:\/\/kosemakinamersin.com\/?page_id=516\">Daha Fazla<\/a><\/div>\n<\/div>\n\n\n\n<div class=\"wp-block-columns is-layout-flex wp-container-core-columns-is-layout-28f84493 wp-block-columns-is-layout-flex\">\n<div class=\"wp-block-column is-layout-flow wp-block-column-is-layout-flow\"><\/div>\n\n\n\n<div class=\"wp-block-column is-layout-flow wp-block-column-is-layout-flow\"><\/div>\n<\/div>\n\n\n\n<div class=\"wp-block-cover alignfull\" style=\"min-height:200px;aspect-ratio:unset;\"><span aria-hidden=\"true\" class=\"wp-block-cover__background has-ast-global-color-0-background-color has-background-dim-100 has-background-dim\"><\/span><div class=\"wp-block-cover__inner-container is-layout-flow wp-block-cover-is-layout-flow\">\n<div class=\"wp-block-media-text is-stacked-on-mobile is-vertically-aligned-center\" style=\"grid-template-columns:32% auto\"><figure class=\"wp-block-media-text__media\"><img loading=\"lazy\" decoding=\"async\" width=\"1024\" height=\"1024\" src=\"http:\/\/kosemakinamersin.com\/wp-content\/uploads\/2022\/07\/sekreter-1-1024x1024.png\" alt=\"\" class=\"wp-image-387 size-full\" srcset=\"https:\/\/kosemakinamersin.com\/wp-content\/uploads\/2022\/07\/sekreter-1-1024x1024.png 1024w, https:\/\/kosemakinamersin.com\/wp-content\/uploads\/2022\/07\/sekreter-1-300x300.png 300w, https:\/\/kosemakinamersin.com\/wp-content\/uploads\/2022\/07\/sekreter-1-150x150.png 150w, https:\/\/kosemakinamersin.com\/wp-content\/uploads\/2022\/07\/sekreter-1-768x768.png 768w, https:\/\/kosemakinamersin.com\/wp-content\/uploads\/2022\/07\/sekreter-1-1536x1536.png 1536w, https:\/\/kosemakinamersin.com\/wp-content\/uploads\/2022\/07\/sekreter-1.png 2000w\" sizes=\"auto, (max-width: 1024px) 100vw, 1024px\" \/><\/figure><div class=\"wp-block-media-text__content\">\n<div class=\"inherit-container-width wp-block-group is-layout-constrained wp-block-group-is-layout-constrained\"><div class=\"wp-block-group__inner-container\">\n<h2 class=\"has-text-align-center has-white-color has-text-color wp-block-heading\">Bizimle \u00e7al\u0131\u015fmak ister misiniz?<\/h2>\n\n\n\n<div class=\"wp-block-buttons is-horizontal is-content-justification-center is-layout-flex wp-container-core-buttons-is-layout-03627597 wp-block-buttons-is-layout-flex\">\n<div class=\"wp-block-button\"><a class=\"wp-block-button__link has-ast-global-color-0-color has-ast-global-color-4-background-color has-text-color has-background\" href=\"#\">+90 (324) 234 00 63<\/a><\/div>\n<\/div>\n<\/div><\/div>\n<\/div><\/div>\n<\/div><\/div>\n\n\n\n<div class=\"wp-block-columns is-layout-flex wp-container-core-columns-is-layout-28f84493 wp-block-columns-is-layout-flex\"><\/div>\n\n\n\n<h2 style=\"display:none;\" class=\"has-text-align-center wp-block-heading\"><strong>M\u00fc\u015fteri Yorumlar\u0131<\/strong><\/h2>\n\n\n\n<p class=\"has-text-align-center\"><p style=\"display:none;\" class=\"has-text-align-center\"><mark style=\"background-color:rgba(0, 0, 0, 0)\" class=\"has-inline-color has-ast-global-color-0-color\"><strong>Bizi tercih eden m\u00fc\u015fterilerimizden yorumlar<\/strong><\/mark><\/p><\/p>\n\n\n\n<p><\/p>\n\n\n\n<div style=\"display:none;\"  class=\"wp-block-columns alignwide is-layout-flex wp-container-core-columns-is-layout-28f84493 wp-block-columns-is-layout-flex\">\n\n<div class=\"wp-block-column is-layout-flow wp-block-column-is-layout-flow\">\n\n<p>K\u00f6se Makina ile \u00e7al\u0131\u015fmak bizim i\u00e7in \u00e7ok avantajl\u0131 bir i\u015f. \u015euana kadar ihtiyac\u0131m\u0131z olan t\u00fcm par\u00e7alar\u0131 sorunsuz bir \u015fekilde \u00fcretip teslim ettiler. Profesyonel ve i\u015f ahlak\u0131na sahip bir orta\u011f\u0131m\u0131z. Ba\u015far\u0131lar diliyorum.<\/p>\n\n\n<h4 class=\"wp-block-heading\" style=\"display:none;\" >Mehmet KORKMAZ   <br>                       (Sertel Vida Metal)<\/h4>\n\n<\/div>\n\n\n<div class=\"wp-block-column is-layout-flow wp-block-column-is-layout-flow\">\n\n<p>Her zaman ihtiya\u00e7lar\u0131m\u0131z kar\u015f\u0131s\u0131nda kesintisiz hizmet ald\u0131\u011f\u0131m\u0131z \u00d6zal Makina bizi hi\u00e7 yar\u0131 yolda b\u0131rakmad\u0131. Kaliteli i\u015f\u00e7ilikleri ve h\u0131zl\u0131 \u00fcretimleri bizleri her zaman memnun etmi\u015ftir. Hay\u0131rl\u0131 i\u015fler dilerim kendilerine.<\/p>\n\n\n<h4 class=\"wp-block-heading\">Murat KAYA  <br>    (Yepar Makina)<\/h4>\n\n<\/div>\n\n\n<div class=\"wp-block-column is-layout-flow wp-block-column-is-layout-flow\">\n\n<p>K\u00f6se Makina ile \u00e7al\u0131\u015fmak bizim i\u00e7in \u00e7ok avantajl\u0131 bir i\u015f. \u015euana kadar ihtiyac\u0131m\u0131z olan t\u00fcm par\u00e7alar\u0131 sorunsuz bir \u015fekilde \u00fcretip teslim ettiler. Profesyonel ve i\u015f ahlak\u0131na sahip bir orta\u011f\u0131m\u0131z. Ba\u015far\u0131lar diliyorum.<\/p>\n\n\n<h4 class=\"wp-block-heading\">Mehmet KORKMAZ   <br>                       (Sertel Vida Metal)<\/h4>\n\n<\/div>\n\n<\/div>\n\n\n<p><!-- \/wp:post-content --><\/p>","protected":false},"excerpt":{"rendered":"<p>\u00dcretim Projeleri \u00c7al\u0131\u015fmakta oldu\u011fumuz firmalar\u0131n paketleme makinalar\u0131, elevat\u00f6r, konv\u00f6r, bant bas\u0131n\u00e7l\u0131 tank boru \u00fcretimi, imalat, bak\u0131m, onar\u0131m ve daha fazlas\u0131 Faaliyet Alanlar\u0131m\u0131z Makina \u0130malat\u0131 G\u0131da, kimyasal, sanayi \u00fcretim sekt\u00f6r\u00fc makina imalat\u0131 Makina Bak\u0131m-Onar\u0131m G\u0131da, kimyasal, sanayi \u00fcretim sekt\u00f6r\u00fc mekanik makina bak\u0131m\u0131 onar\u0131m\u0131 \u00c7elik Konstr\u00fcksiyon \u00c7elik \u00e7at\u0131, fabrika, depo ve \u00e7elik yap\u0131 hizmetlerimiz \u00d6nceli\u011fimiz \u0130\u015f G\u00fcvenli\u011fi &hellip;<\/p>\n<p class=\"read-more\"> <a class=\"\" href=\"https:\/\/kosemakinamersin.com\/\"> <span class=\"screen-reader-text\">K\u00f6se Mak. M\u00fchendislik \u0130malat Sanayi<\/span> Devam\u0131 &raquo;<\/a><\/p>\n","protected":false},"author":1,"featured_media":0,"parent":0,"menu_order":0,"comment_status":"closed","ping_status":"closed","template":"","meta":{"om_disable_all_campaigns":false,"_monsterinsights_skip_tracking":false,"_monsterinsights_sitenote_active":false,"_monsterinsights_sitenote_note":"","_monsterinsights_sitenote_category":0,"site-sidebar-layout":"no-sidebar","site-content-layout":"plain-container","ast-global-header-display":"","ast-main-header-display":"","ast-hfb-above-header-display":"","ast-hfb-below-header-display":"","ast-hfb-mobile-header-display":"","site-post-title":"disabled","ast-breadcrumbs-content":"","ast-featured-img":"","footer-sml-layout":"","theme-transparent-header-meta":"enabled","adv-header-id-meta":"","stick-header-meta":"","header-above-stick-meta":"","header-main-stick-meta":"","header-below-stick-meta":"","footnotes":""},"class_list":["post-10","page","type-page","status-publish","hentry"],"_links":{"self":[{"href":"https:\/\/kosemakinamersin.com\/index.php?rest_route=\/wp\/v2\/pages\/10","targetHints":{"allow":["GET"]}}],"collection":[{"href":"https:\/\/kosemakinamersin.com\/index.php?rest_route=\/wp\/v2\/pages"}],"about":[{"href":"https:\/\/kosemakinamersin.com\/index.php?rest_route=\/wp\/v2\/types\/page"}],"author":[{"embeddable":true,"href":"https:\/\/kosemakinamersin.com\/index.php?rest_route=\/wp\/v2\/users\/1"}],"replies":[{"embeddable":true,"href":"https:\/\/kosemakinamersin.com\/index.php?rest_route=%2Fwp%2Fv2%2Fcomments&post=10"}],"version-history":[{"count":47,"href":"https:\/\/kosemakinamersin.com\/index.php?rest_route=\/wp\/v2\/pages\/10\/revisions"}],"predecessor-version":[{"id":590,"href":"https:\/\/kosemakinamersin.com\/index.php?rest_route=\/wp\/v2\/pages\/10\/revisions\/590"}],"wp:attachment":[{"href":"https:\/\/kosemakinamersin.com\/index.php?rest_route=%2Fwp%2Fv2%2Fmedia&parent=10"}],"curies":[{"name":"wp","href":"https:\/\/api.w.org\/{rel}","templated":true}]}}