{"id":13,"date":"2021-05-13T05:31:27","date_gmt":"2021-05-13T02:31:27","guid":{"rendered":"http:\/\/xn--ksemakina-07a.com\/?page_id=13"},"modified":"2024-01-26T12:15:14","modified_gmt":"2024-01-26T09:15:14","slug":"contact","status":"publish","type":"page","link":"https:\/\/kosemakinamersin.com\/?page_id=13","title":{"rendered":"Kurumsal"},"content":{"rendered":"\n<div class=\"wp-block-cover alignfull\" style=\"min-height:514px;aspect-ratio:unset;\"><span aria-hidden=\"true\" class=\"wp-block-cover__background has-ast-global-color-0-background-color has-background-dim-100 has-background-dim\"><\/span><div class=\"wp-block-cover__inner-container is-layout-flow wp-block-cover-is-layout-flow\">\n<h1 class=\"wp-block-heading has-white-color has-text-color\">Firmam\u0131z<\/h1>\n\n\n\n<p>K\u00f6se Mak. M\u00fchendislik, Mehmet K\u00d6SE taraf\u0131ndan 15 y\u0131ll\u0131k bir tecr\u00fcbe ile kurulmu\u015ftur. \u0130malat, yedek par\u00e7a, makina bak\u0131m, onar\u0131m, \u00e7elik konstr\u00fcksiyon ve \u00e7elik boru imalat \u00fczerine hizmet sunmak i\u00e7in kurulmu\u015f bir \u015firkettir. K\u00f6se Makina, sekt\u00f6rdeki geli\u015fmelere a\u00e7\u0131k yap\u0131m\u0131z ve uzman kadromuz ile teklonojinin geli\u015fimini yak\u0131ndan takip ederek gerekli yat\u0131r\u0131mlar\u0131n\u0131 yaparak, devam etmektedir. M\u00fc\u015fteri memnuniyet ve kalite bizim ilk \u00f6nceli\u011fimizdir. Firmam\u0131z\u0131 daha ileriye ta\u015f\u0131mak i\u00e7in \u00e7al\u0131\u015fmalar\u0131m\u0131z devam etmektedir.<\/p>\n\n\n\n<p><\/p>\n<\/div><\/div>\n\n\n\n<div class=\"inherit-container-width wp-block-group is-layout-constrained wp-block-group-is-layout-constrained\"><div class=\"wp-block-group__inner-container\">\n<div class=\"wp-block-columns is-layout-flex wp-container-core-columns-is-layout-28f84493 wp-block-columns-is-layout-flex\">\n<div class=\"wp-block-column is-layout-flow wp-block-column-is-layout-flow\" style=\"flex-basis:100%\">\n<div style=\"min-height:210px;aspect-ratio:unset;\"><span aria-hidden=\"true\" class=\"wp-block-cover__background has-ast-global-color-0-background-color has-background-dim-100 has-background-dim\"><\/span><div class=\"wp-block-cover__inner-container is-layout-flow wp-block-cover-is-layout-flow\">\n\n<h3 class=\"has-large-font-size wp-block-heading\"><mark style=\"background-color:rgba(0, 0, 0, 0)\">Vizyonumuz<\/mark><\/h3>\n\n\n<p>M\u00fc\u015fteri beklentileri do\u011frultusunda do\u011fru \u00e7\u00f6z\u00fcmleri, en iyi teklonojileri uzman ekip kadromuz ile en d\u00fc\u015f\u00fck maliyet ve kaliteli bir i\u015fcilik sunabilen, rekabet\u00e7i global bir kurum olma yolunda en do\u011fru ad\u0131mlar\u0131 atmaktad\u0131r.<\/p>\n\n<\/div><\/div>\n<\/div>\n<\/div>\n<\/div><\/div>\n\n\n\n<div style=\"min-height:210px;aspect-ratio:unset;\"><span aria-hidden=\"true\" class=\"wp-block-cover__background has-ast-global-color-0-background-color has-background-dim-100 has-background-dim\"><\/span><div class=\"wp-block-cover__inner-container is-layout-flow wp-block-cover-is-layout-flow\">\n\n<h3 class=\"has-large-font-size wp-block-heading\"><mark style=\"background-color:rgba(0, 0, 0, 0)\">Misyonumuz<\/mark><\/h3>\n\n\n<p>Faaliyette oldu\u011fumuz alanlarda f\u00edrmalar\u0131n ihtiyac\u0131 olan her t\u00fcrl\u00fc makine,yedek par\u00e7a ve di\u011fer ekipmanlar\u0131 en son teklonoji ile \u00fcretimini sorunsuz ve \u00fcr\u00fcn\u00fcn \u00fcst\u00fcn kaliteli olmas\u0131 i\u00e7in \u00fcretimini geli\u015ftirmek \n<\/p>\n\n<\/div><\/div>\n","protected":false},"excerpt":{"rendered":"","protected":false},"author":1,"featured_media":0,"parent":0,"menu_order":0,"comment_status":"closed","ping_status":"closed","template":"","meta":{"om_disable_all_campaigns":false,"_monsterinsights_skip_tracking":false,"_monsterinsights_sitenote_active":false,"_monsterinsights_sitenote_note":"","_monsterinsights_sitenote_category":0,"site-sidebar-layout":"no-sidebar","site-content-layout":"plain-container","ast-global-header-display":"","ast-main-header-display":"","ast-hfb-above-header-display":"","ast-hfb-below-header-display":"","ast-hfb-mobile-header-display":"","site-post-title":"disabled","ast-breadcrumbs-content":"","ast-featured-img":"","footer-sml-layout":"","theme-transparent-header-meta":"enabled","adv-header-id-meta":"","stick-header-meta":"","header-above-stick-meta":"","header-main-stick-meta":"","header-below-stick-meta":"","footnotes":""},"class_list":["post-13","page","type-page","status-publish","hentry"],"_links":{"self":[{"href":"https:\/\/kosemakinamersin.com\/index.php?rest_route=\/wp\/v2\/pages\/13","targetHints":{"allow":["GET"]}}],"collection":[{"href":"https:\/\/kosemakinamersin.com\/index.php?rest_route=\/wp\/v2\/pages"}],"about":[{"href":"https:\/\/kosemakinamersin.com\/index.php?rest_route=\/wp\/v2\/types\/page"}],"author":[{"embeddable":true,"href":"https:\/\/kosemakinamersin.com\/index.php?rest_route=\/wp\/v2\/users\/1"}],"replies":[{"embeddable":true,"href":"https:\/\/kosemakinamersin.com\/index.php?rest_route=%2Fwp%2Fv2%2Fcomments&post=13"}],"version-history":[{"count":23,"href":"https:\/\/kosemakinamersin.com\/index.php?rest_route=\/wp\/v2\/pages\/13\/revisions"}],"predecessor-version":[{"id":591,"href":"https:\/\/kosemakinamersin.com\/index.php?rest_route=\/wp\/v2\/pages\/13\/revisions\/591"}],"wp:attachment":[{"href":"https:\/\/kosemakinamersin.com\/index.php?rest_route=%2Fwp%2Fv2%2Fmedia&parent=13"}],"curies":[{"name":"wp","href":"https:\/\/api.w.org\/{rel}","templated":true}]}}